{"id":13,"date":"2018-01-10T19:07:42","date_gmt":"2018-01-10T19:07:42","guid":{"rendered":"https:\/\/2018.laspalmas.wordcamp.org\/?page_id=13"},"modified":"2018-02-28T20:12:30","modified_gmt":"2018-02-28T20:12:30","slug":"tickets","status":"publish","type":"page","link":"https:\/\/laspalmas.wordcamp.org\/2018\/tickets\/","title":{"rendered":"Tickets"},"content":{"rendered":"<h2 style=\"text-align: left\">\u00bfQu\u00e9 incluye la entrada?<\/h2>\n<ul>\n<li style=\"text-align: left\">Asistencia libre y gratuita a todas las ponencias y talleres del evento.<\/li>\n<li style=\"text-align: left\">Caf\u00e9 en los descansos del s\u00e1bado.<\/li>\n<li style=\"text-align: left\">Comida el s\u00e1bado y el domingo.<\/li>\n<li style=\"text-align: left\">Asistencia al <em>After Party <\/em>del s\u00e1bado noche.<\/li>\n<li style=\"text-align: left\">Camiseta oficial del evento.<\/li>\n<li style=\"text-align: left\">Y qui\u00e9n sabe si alguna sorpresa m\u00e1s.<\/li>\n<\/ul>\n<h2 style=\"text-align: center\">\u00a1Compra tu entrada!<\/h2>\n<p><img loading=\"lazy\" decoding=\"async\" class=\"size-medium wp-image-2817 aligncenter\" src=\"https:\/\/2018.laspalmas.wordcamp.org\/files\/2018\/02\/entradas_agotadas-300x167.png\" alt=\"\" width=\"300\" height=\"167\" srcset=\"https:\/\/laspalmas.wordcamp.org\/2018\/files\/2018\/02\/entradas_agotadas-300x167.png 300w, https:\/\/laspalmas.wordcamp.org\/2018\/files\/2018\/02\/entradas_agotadas-768x428.png 768w, https:\/\/laspalmas.wordcamp.org\/2018\/files\/2018\/02\/entradas_agotadas-500x278.png 500w, https:\/\/laspalmas.wordcamp.org\/2018\/files\/2018\/02\/entradas_agotadas.png 873w\" sizes=\"auto, (max-width: 300px) 100vw, 300px\" \/><\/p>\n<h3 style=\"text-align: left\">Aclaraciones<\/h3>\n<ul>\n<li style=\"text-align: left\">Si en tu acreditaci\u00f3n no aparece tu avatar es porque utilizamos <a href=\"https:\/\/es.gravatar.com\/\">Gravatar<\/a> para mostrar la foto\/avatar de los asistentes.<\/li>\n<li style=\"text-align: left\">Aunque la \u00fanica forma de pago sea PayPal, no necesitas tener una cuenta, ya que el sistema admite pago con tarjeta.<\/li>\n<li style=\"text-align: left\">Si eres voluntario o ponente, no adquieras tu entrada, primero habla con nosotros.<\/li>\n<\/ul>\n","protected":false},"excerpt":{"rendered":"<p>\u00bfQu\u00e9 incluye la entrada? Asistencia libre y gratuita a todas las ponencias y talleres del evento. Caf\u00e9 en los descansos del s\u00e1bado. Comida el s\u00e1bado y el domingo. Asistencia al After Party del s\u00e1bado noche. Camiseta oficial del evento. Y qui\u00e9n sabe si alguna sorpresa m\u00e1s. \u00a1Compra tu entrada! Aclaraciones Si en tu acreditaci\u00f3n no &hellip; <\/p>\n<p class=\"link-more\"><a href=\"https:\/\/laspalmas.wordcamp.org\/2018\/tickets\/\" class=\"more-link\">Continuar leyendo<span class=\"screen-reader-text\"> \u00abTickets\u00bb<\/span><\/a><\/p>\n","protected":false},"author":15008105,"featured_media":0,"parent":0,"menu_order":0,"comment_status":"closed","ping_status":"closed","template":"","meta":{"jetpack_post_was_ever_published":false,"footnotes":""},"class_list":["post-13","page","type-page","status-publish","hentry"],"jetpack_sharing_enabled":true,"jetpack_shortlink":"https:\/\/wp.me\/P9a3Vo-d","_links":{"self":[{"href":"https:\/\/laspalmas.wordcamp.org\/2018\/wp-json\/wp\/v2\/pages\/13","targetHints":{"allow":["GET"]}}],"collection":[{"href":"https:\/\/laspalmas.wordcamp.org\/2018\/wp-json\/wp\/v2\/pages"}],"about":[{"href":"https:\/\/laspalmas.wordcamp.org\/2018\/wp-json\/wp\/v2\/types\/page"}],"author":[{"embeddable":true,"href":"https:\/\/laspalmas.wordcamp.org\/2018\/wp-json\/wp\/v2\/users\/15008105"}],"replies":[{"embeddable":true,"href":"https:\/\/laspalmas.wordcamp.org\/2018\/wp-json\/wp\/v2\/comments?post=13"}],"version-history":[{"count":6,"href":"https:\/\/laspalmas.wordcamp.org\/2018\/wp-json\/wp\/v2\/pages\/13\/revisions"}],"predecessor-version":[{"id":3204,"href":"https:\/\/laspalmas.wordcamp.org\/2018\/wp-json\/wp\/v2\/pages\/13\/revisions\/3204"}],"wp:attachment":[{"href":"https:\/\/laspalmas.wordcamp.org\/2018\/wp-json\/wp\/v2\/media?parent=13"}],"curies":[{"name":"wp","href":"https:\/\/api.w.org\/{rel}","templated":true}]}}