{"id":2133,"date":"2018-02-16T13:16:16","date_gmt":"2018-02-16T13:16:16","guid":{"rendered":"https:\/\/2018.laspalmas.wordcamp.org\/?page_id=2133"},"modified":"2018-02-16T13:16:16","modified_gmt":"2018-02-16T13:16:16","slug":"organizadores","status":"publish","type":"page","link":"https:\/\/laspalmas.wordcamp.org\/2018\/organizadores\/","title":{"rendered":"Organizadores"},"content":{"rendered":"\t<div class=\"wcorg-organizers\">\n\n\t\t\n\t\t\t<div class=\"wcorg-organizer\">\n\t\t\t\t<h2>Alicia S\u00e1nchez Crespo, responsable de la web y de ponentes<\/h2>\n\t\t\t\t<div class=\"wcorg-organizer-description\">\n\t\t\t\t\t\t\t\t\t\t<img alt='' src='https:\/\/secure.gravatar.com\/avatar\/e3b2fb4e5353e34ec9665a3176582653cfd5a5c155798181b42474b88391228c?s=100&#038;d=mm&#038;r=g' srcset='https:\/\/secure.gravatar.com\/avatar\/e3b2fb4e5353e34ec9665a3176582653cfd5a5c155798181b42474b88391228c?s=200&#038;d=mm&#038;r=g 2x' class='avatar avatar-100 photo' height='100' width='100' \/>\t\t\t\t\t<p style=\"text-align: left\">Se considera tecn\u00f3loga y ciudadana del mundo. Le encanta experimentar, cacharrear y todo lo que sea ponerse manos a la obra con la tecnolog\u00eda. Es ingeniera de telecomunicaci\u00f3n y unas de las chicas de <a href=\"https:\/\/www.uppertechnology.com\" target=\"_blank\" rel=\"noopener\">Upper<\/a>. Tiene curiosidad continuamente por aprender cosas nuevas, no solo cient\u00edficas sino de todos los \u00e1mbitos. Comprometida con causas sociales y medio ambientales. Puedes conocer m\u00e1s sobre ella en su <a href=\"https:\/\/es.linkedin.com\/in\/aliciasanchezcrespo\" target=\"_blank\" rel=\"noopener\">Linkedin<\/a>.<\/p>\n\t\t\t\t<\/div>\n\t\t\t<\/div>\n\n\t\t\n\t\t\t<div class=\"wcorg-organizer\">\n\t\t\t\t<h2>Esther P\u00e9rez Verd\u00fa, organizadora principal<\/h2>\n\t\t\t\t<div class=\"wcorg-organizer-description\">\n\t\t\t\t\t\t\t\t\t\t<img alt='' src='https:\/\/secure.gravatar.com\/avatar\/c9f02708e476a155f62bdc8e6f0a415579ebc602c721c7eeddec28b5860da8c7?s=100&#038;d=mm&#038;r=g' srcset='https:\/\/secure.gravatar.com\/avatar\/c9f02708e476a155f62bdc8e6f0a415579ebc602c721c7eeddec28b5860da8c7?s=200&#038;d=mm&#038;r=g 2x' class='avatar avatar-100 photo' height='100' width='100' \/>\t\t\t\t\t<p style=\"text-align: left\">Tecn\u00f3loga. Profesional TIC, especializada en la direcci\u00f3n de proyectos digitales y la comunicaci\u00f3n interactiva. Inform\u00e1tica de formaci\u00f3n y socia fundadora en 1996 de NemeSys, primera empresa canaria que desarroll\u00f3 p\u00e1ginas web. En 2005 funda Canarias7 Digital, empresa en la que desarrolla proyectos digitales durante 12 a\u00f1os, como Canarias7.es. Actualmente lidera NemeSys 2.0, con el que apoya el emprendimiento en el \u00e1mbito tecnol\u00f3gico y co-organiza eventos como #SuperH\u00e9roes de difusi\u00f3n del talento. Escribe sobre Tecnolog\u00eda en diferentes publicaciones y mantiene el blog Atarecos. Es profesora en el master M:COM de la Universidad Internacional del Atl\u00e1ntico Medio e imparte diferentes cursos y conferencias.<\/p>\n\t\t\t\t<\/div>\n\t\t\t<\/div>\n\n\t\t\n\t\t\t<div class=\"wcorg-organizer\">\n\t\t\t\t<h2>Fran Jerez, responsable del local<\/h2>\n\t\t\t\t<div class=\"wcorg-organizer-description\">\n\t\t\t\t\t\t\t\t\t\t<img alt='' src='https:\/\/secure.gravatar.com\/avatar\/97f1635465d1b901eb72dc7ead2dd2f29016793f3b81b5e47379b83cb0ee1f97?s=100&#038;d=mm&#038;r=g' srcset='https:\/\/secure.gravatar.com\/avatar\/97f1635465d1b901eb72dc7ead2dd2f29016793f3b81b5e47379b83cb0ee1f97?s=200&#038;d=mm&#038;r=g 2x' class='avatar avatar-100 photo' height='100' width='100' \/>\t\t\t\t\t<p style=\"text-align: left\">Desde 1988 trabaja como promotor y productor cultural, con producciones como el Festival Internacional de Cine de Las Palmas de Gran Canaria, el Festival Heineken Canarias Jazz &amp; M\u00e1s o #SuperH\u00e9roes. Participa tambi\u00e9n en movimientos sociales y culturales. Socio fundador de NemeSys 2.0.<\/p>\n\t\t\t\t<\/div>\n\t\t\t<\/div>\n\n\t\t\n\t\t\t<div class=\"wcorg-organizer\">\n\t\t\t\t<h2>Jos\u00e9 Ram\u00f3n Padr\u00f3n, organizador principal<\/h2>\n\t\t\t\t<div class=\"wcorg-organizer-description\">\n\t\t\t\t\t\t\t\t\t\t<img alt='' src='https:\/\/secure.gravatar.com\/avatar\/961a3df6e4c0be5f8e9212a91926f81cdd3a62970207ecd71dfa828c79ba5d57?s=100&#038;d=mm&#038;r=g' srcset='https:\/\/secure.gravatar.com\/avatar\/961a3df6e4c0be5f8e9212a91926f81cdd3a62970207ecd71dfa828c79ba5d57?s=200&#038;d=mm&#038;r=g 2x' class='avatar avatar-100 photo' height='100' width='100' \/>\t\t\t\t\t<p style=\"text-align: left\">Jos\u00e9 Ram\u00f3n es un apasionado de la atenci\u00f3n al cliente y las ventas, centrado en los sectores del hosting y open source en Espa\u00f1a y LatAm desde hace 18 a\u00f1os. Devoto de la m\u00fasica rock, la gastronom\u00eda y la ciencia ficci\u00f3n desde hace muchos a\u00f1os m\u00e1s. Feliz como Country Manager de SiteGround y particularmente adicto a la filosof\u00eda \u00fanica que les caracteriza y que mezcla pasi\u00f3n, trabajo, diversi\u00f3n y devoci\u00f3n por empleados y clientes.<\/p>\n<p style=\"text-align: left\">Actualmente es adem\u00e1s co-organizador de la Meetup de WordPress de Las Palmas de Gran Canaria, co-organizador de la WordCamp Gran Canaria y organizador de la WordCamp Europe 2018 en Belgrado, en el equipo de contenido.<\/p>\n\t\t\t\t<\/div>\n\t\t\t<\/div>\n\n\t\t\n\t\t\t<div class=\"wcorg-organizer\">\n\t\t\t\t<h2>Miguel Gil Rosas, responsable de voluntarios<\/h2>\n\t\t\t\t<div class=\"wcorg-organizer-description\">\n\t\t\t\t\t\t\t\t\t\t<img alt='' src='https:\/\/secure.gravatar.com\/avatar\/cd32e380cd8265cbb2867ab5abe8d8e1721a68c6c9fc9d2553cae01337ffc255?s=100&#038;d=mm&#038;r=g' srcset='https:\/\/secure.gravatar.com\/avatar\/cd32e380cd8265cbb2867ab5abe8d8e1721a68c6c9fc9d2553cae01337ffc255?s=200&#038;d=mm&#038;r=g 2x' class='avatar avatar-100 photo' height='100' width='100' \/>\t\t\t\t\t<p style=\"text-align: left\">Llevo en esto de la programaci\u00f3n desde que hice mi primer juego para el ZX Spectrum (en Basic) que public\u00f3 la revista MicroHobby (\u00a1y me pagaron 5.000 Ptas.!).<\/p>\n<p style=\"text-align: left\">Estuve mucho tiempo en el lado oscuro (.Net) hasta que vi la luz y me redim\u00ed.<\/p>\n<p style=\"text-align: left\">Amo JavaScript m\u00e1s que ayer pero menos que ma\u00f1ana (por eso de las nuevas versiones que lo van mejorando).<\/p>\n<p style=\"text-align: left\">Intereses generales: Familia, amigos, leer, navegar (en el mar y en Internet), explorar\u2026<\/p>\n<p style=\"text-align: left\">Intereses geek: World Wide Web, JavaScript (ECMA Script), NodeJS, WordPress, React, React Native, Electron, SASS, PHP (pero\u2026 \u00bfno estaba muerto? NO), Python, LISP, computaci\u00f3n en la Nube\u2026<\/p>\n\t\t\t\t<\/div>\n\t\t\t<\/div>\n\n\t\t\n\t\t\t<div class=\"wcorg-organizer\">\n\t\t\t\t<h2>Paloma Monz\u00f3n Rodr\u00edguez, responsable de la web y de ponentes<\/h2>\n\t\t\t\t<div class=\"wcorg-organizer-description\">\n\t\t\t\t\t\t\t\t\t\t<img alt='' src='https:\/\/secure.gravatar.com\/avatar\/801000f5e32b76a7583ea6ac286fd13c3eb98bda2b56040e2c4a9c68317eb707?s=100&#038;d=mm&#038;r=g' srcset='https:\/\/secure.gravatar.com\/avatar\/801000f5e32b76a7583ea6ac286fd13c3eb98bda2b56040e2c4a9c68317eb707?s=200&#038;d=mm&#038;r=g 2x' class='avatar avatar-100 photo' height='100' width='100' \/>\t\t\t\t\t<p style=\"text-align: left\">Una de esas chicas frikis a la que le gusta cacharrear e inventar, dar soluci\u00f3n a problemas de cualquier \u00edndole, y todo ello con ayuda de la tecnolog\u00eda. Es una de las chicas de <a href=\"https:\/\/www.uppertechnology.com\" target=\"_blank\" rel=\"noopener\">Upper<\/a> e ingeniera de telecomunicaci\u00f3n. Est\u00e1 muy concienciada con el medio ambiente y las causas sociales. P\u00e1sate por su <a href=\"https:\/\/es.linkedin.com\/in\/palomamonzonrodriguez\" target=\"_blank\" rel=\"noopener\">Linkedin<\/a> para conocer m\u00e1s sobre ella.<\/p>\n\t\t\t\t<\/div>\n\t\t\t<\/div>\n\n\t\t\n\t<\/div><!-- .wcorg-organizers -->\n\t\n","protected":false},"excerpt":{"rendered":"","protected":false},"author":15256388,"featured_media":0,"parent":0,"menu_order":0,"comment_status":"closed","ping_status":"closed","template":"","meta":{"jetpack_post_was_ever_published":false,"footnotes":""},"class_list":["post-2133","page","type-page","status-publish","hentry"],"jetpack_sharing_enabled":true,"jetpack_shortlink":"https:\/\/wp.me\/P9a3Vo-yp","_links":{"self":[{"href":"https:\/\/laspalmas.wordcamp.org\/2018\/wp-json\/wp\/v2\/pages\/2133","targetHints":{"allow":["GET"]}}],"collection":[{"href":"https:\/\/laspalmas.wordcamp.org\/2018\/wp-json\/wp\/v2\/pages"}],"about":[{"href":"https:\/\/laspalmas.wordcamp.org\/2018\/wp-json\/wp\/v2\/types\/page"}],"author":[{"embeddable":true,"href":"https:\/\/laspalmas.wordcamp.org\/2018\/wp-json\/wp\/v2\/users\/15256388"}],"replies":[{"embeddable":true,"href":"https:\/\/laspalmas.wordcamp.org\/2018\/wp-json\/wp\/v2\/comments?post=2133"}],"version-history":[{"count":7,"href":"https:\/\/laspalmas.wordcamp.org\/2018\/wp-json\/wp\/v2\/pages\/2133\/revisions"}],"predecessor-version":[{"id":2720,"href":"https:\/\/laspalmas.wordcamp.org\/2018\/wp-json\/wp\/v2\/pages\/2133\/revisions\/2720"}],"wp:attachment":[{"href":"https:\/\/laspalmas.wordcamp.org\/2018\/wp-json\/wp\/v2\/media?parent=2133"}],"curies":[{"name":"wp","href":"https:\/\/api.w.org\/{rel}","templated":true}]}}