{"id":591,"date":"2017-11-13T09:16:00","date_gmt":"2017-11-13T09:16:00","guid":{"rendered":"https:\/\/2018.laspalmas.wordcamp.org\/?page_id=591"},"modified":"2018-02-20T10:15:24","modified_gmt":"2018-02-20T10:15:24","slug":"inicio","status":"publish","type":"page","link":"https:\/\/laspalmas.wordcamp.org\/2018\/","title":{"rendered":"Inicio"},"content":{"rendered":"<p>&nbsp;<\/p>\n<div class=\"row inicio-4col\">\n<div align=\"center\" class=\"col-xs-3 box-1\">\n<a href=\"https:\/\/2018.laspalmas.wordcamp.org\/ubicacion\/\" target=\"_blank\"><i class=\"icon-map-marker\" style=\"font-size:60px\"><\/i> <\/p>\n<h4>D\u00f3nde se va a celebrar<\/h4>\n<p><\/a>\n<\/div>\n<div align=\"center\" class=\"col-xs-3 box-2\">\n<a href=\"https:\/\/2018.laspalmas.wordcamp.org\/llamada-a-patrocinadores\/\"><i class=\"icon-star\" style=\"font-size:60px\"><\/i> <\/p>\n<h4>Colabora como patrocinador<\/h4>\n<p><\/a>\n<\/div>\n<div align=\"center\" class=\"col-xs-3 box-3\">\n<a href=\"https:\/\/2018.laspalmas.wordcamp.org\/llamada-a-voluntarios\/\"><i class=\"icon-user\" style=\"font-size:60px\"><\/i> <\/p>\n<h4>Participa como voluntario<\/h4>\n<p><\/a>\n<\/div>\n<div align=\"center\" class=\"col-xs-3 box-4\">\n<a href=\"https:\/\/2018.laspalmas.wordcamp.org\/tickets\/\"><img decoding=\"async\" style=\"max-width: 90%;max-height: 90%\" src=\"https:\/\/2018.laspalmas.wordcamp.org\/files\/2018\/02\/entradas_agotadas.png\" \/><\/a>\n<\/div>\n<\/div>\n<div class=\"row inicio-1col\">\n<div align=\"center\" class=\"col-xs-12 box-1\">\n<a href=\"https:\/\/goo.gl\/maps\/4DH1F8HU5U22\" target=\"_blank\"><i class=\"icon-map-marker\" style=\"font-size:50px\"><\/i><\/p>\n<h4>D\u00f3nde se va a celebrar<\/h4>\n<p> <\/a>\n<\/div>\n<div align=\"center\" class=\"col-xs-12 box-2\">\n<a href=\"https:\/\/2018.laspalmas.wordcamp.org\/llamada-a-patrocinadores\/\"><i class=\"icon-star\" style=\"font-size:50px\"><\/i> <\/p>\n<h4>Colabora como patrocinador<\/h4>\n<p><\/a>\n<\/div>\n<div align=\"center\" class=\"col-xs-12 box-3\">\n<a href=\"https:\/\/2018.laspalmas.wordcamp.org\/llamada-a-voluntarios\/\"><i class=\"icon-user\" style=\"font-size:50px\"><\/i> <\/p>\n<h4>Participa como voluntario<\/h4>\n<p><\/a>\n<\/div>\n<div align=\"center\" class=\"col-xs-12 box-4\">\n<a href=\"https:\/\/2018.laspalmas.wordcamp.org\/tickets\/\"><img decoding=\"async\" style=\"max-width: 90%;max-height: 90%\" src=\"https:\/\/2018.laspalmas.wordcamp.org\/files\/2018\/02\/entradas_agotadas.png\" \/><\/a><\/div>\n<\/div>\n<p>\ufeff&nbsp;<\/p>\n<p style=\"text-align: center\">Una WordCamp es un evento oficial de WordPress, respaldado por la Fundaci\u00f3n WordPress. Se realiza a lo largo del mundo por comunidades locales, cumpliendo adem\u00e1s con est\u00e1ndares de alta calidad tanto en contenido como en organizaci\u00f3n.<\/p>\n<p style=\"text-align: center\">Por primera vez se va a celebrar en Las Palmas de Gran Canaria, un destino paradisiaco, que a\u00fana todas las bondades para ser sede de este evento, como por ejemplo, el clima ideal, la calidad de vida, la existencia de grandes profesionales y expertos, una amplia y variada oferta de ocio, y algo que no puede faltar en un ambiente como una WordCamp, una buena conexi\u00f3n a Internet. En definitiva, \u00a1un evento que no te puedes perder!<\/p>\n<h1 style=\"text-align: center\"><a href=\"https:\/\/2018.laspalmas.wordcamp.org\/wordcamp-gran-canaria-porque-tienes-que-venir-al-evento-wordpress-situado-mas-al-sur-de-europa\/\">\u00bfPor qu\u00e9 tienes que venir?<\/a><\/h1>\n","protected":false},"excerpt":{"rendered":"<p>&nbsp; D\u00f3nde se va a celebrar Colabora como patrocinador Participa como voluntario D\u00f3nde se va a celebrar Colabora como patrocinador Participa como voluntario \ufeff&nbsp; Una WordCamp es un evento oficial de WordPress, respaldado por la Fundaci\u00f3n WordPress. Se realiza a lo largo del mundo por comunidades locales, cumpliendo adem\u00e1s con est\u00e1ndares de alta calidad tanto &hellip; <\/p>\n<p class=\"link-more\"><a href=\"https:\/\/laspalmas.wordcamp.org\/2018\/\" class=\"more-link\">Continuar leyendo<span class=\"screen-reader-text\"> \u00abInicio\u00bb<\/span><\/a><\/p>\n","protected":false},"author":15246982,"featured_media":0,"parent":0,"menu_order":0,"comment_status":"closed","ping_status":"closed","template":"","meta":{"jetpack_post_was_ever_published":false,"footnotes":""},"class_list":["post-591","page","type-page","status-publish","hentry"],"jetpack_sharing_enabled":true,"jetpack_shortlink":"https:\/\/wp.me\/P9a3Vo-9x","_links":{"self":[{"href":"https:\/\/laspalmas.wordcamp.org\/2018\/wp-json\/wp\/v2\/pages\/591","targetHints":{"allow":["GET"]}}],"collection":[{"href":"https:\/\/laspalmas.wordcamp.org\/2018\/wp-json\/wp\/v2\/pages"}],"about":[{"href":"https:\/\/laspalmas.wordcamp.org\/2018\/wp-json\/wp\/v2\/types\/page"}],"author":[{"embeddable":true,"href":"https:\/\/laspalmas.wordcamp.org\/2018\/wp-json\/wp\/v2\/users\/15246982"}],"replies":[{"embeddable":true,"href":"https:\/\/laspalmas.wordcamp.org\/2018\/wp-json\/wp\/v2\/comments?post=591"}],"version-history":[{"count":40,"href":"https:\/\/laspalmas.wordcamp.org\/2018\/wp-json\/wp\/v2\/pages\/591\/revisions"}],"predecessor-version":[{"id":3157,"href":"https:\/\/laspalmas.wordcamp.org\/2018\/wp-json\/wp\/v2\/pages\/591\/revisions\/3157"}],"wp:attachment":[{"href":"https:\/\/laspalmas.wordcamp.org\/2018\/wp-json\/wp\/v2\/media?parent=591"}],"curies":[{"name":"wp","href":"https:\/\/api.w.org\/{rel}","templated":true}]}}